{"id":672,"date":"2024-08-13T13:50:58","date_gmt":"2024-08-13T11:50:58","guid":{"rendered":"https:\/\/gtim.ch\/?page_id=672"},"modified":"2024-08-20T19:04:42","modified_gmt":"2024-08-20T17:04:42","slug":"comite","status":"publish","type":"page","link":"https:\/\/gtim.ch\/index.php\/comite\/","title":{"rendered":"Comit\u00e9"},"content":{"rendered":"\n<p>Pr\u00e9sidente    V\u00e9ronique Cuany<\/p>\n\n\n\n<p>Caissier       Roland Kolly<\/p>\n\n\n\n<p>Secr\u00e9taire   Anatole Buxcel<\/p>\n\n\n\n<p><\/p>\n","protected":false},"excerpt":{"rendered":"<p>Pr\u00e9sidente V\u00e9ronique Cuany Caissier Roland Kolly Secr\u00e9taire Anatole Buxcel<\/p>\n","protected":false},"author":3,"featured_media":0,"parent":0,"menu_order":0,"comment_status":"closed","ping_status":"closed","template":"","meta":{"footnotes":""},"class_list":["post-672","page","type-page","status-publish","hentry"],"_links":{"self":[{"href":"https:\/\/gtim.ch\/index.php\/wp-json\/wp\/v2\/pages\/672","targetHints":{"allow":["GET"]}}],"collection":[{"href":"https:\/\/gtim.ch\/index.php\/wp-json\/wp\/v2\/pages"}],"about":[{"href":"https:\/\/gtim.ch\/index.php\/wp-json\/wp\/v2\/types\/page"}],"author":[{"embeddable":true,"href":"https:\/\/gtim.ch\/index.php\/wp-json\/wp\/v2\/users\/3"}],"replies":[{"embeddable":true,"href":"https:\/\/gtim.ch\/index.php\/wp-json\/wp\/v2\/comments?post=672"}],"version-history":[{"count":4,"href":"https:\/\/gtim.ch\/index.php\/wp-json\/wp\/v2\/pages\/672\/revisions"}],"predecessor-version":[{"id":844,"href":"https:\/\/gtim.ch\/index.php\/wp-json\/wp\/v2\/pages\/672\/revisions\/844"}],"wp:attachment":[{"href":"https:\/\/gtim.ch\/index.php\/wp-json\/wp\/v2\/media?parent=672"}],"curies":[{"name":"wp","href":"https:\/\/api.w.org\/{rel}","templated":true}]}}